{"id":2274,"date":"2021-03-24T20:41:21","date_gmt":"2021-03-24T23:41:21","guid":{"rendered":"https:\/\/arleideincentivoaoesporte.com.br\/clone2\/?page_id=2274"},"modified":"2021-08-19T18:08:29","modified_gmt":"2021-08-19T21:08:29","slug":"descubra-seu-patrocinador","status":"publish","type":"page","link":"https:\/\/arleideincentivoaoesporte.com.br\/clone2\/descubra-seu-patrocinador\/","title":{"rendered":"Descubra Seu Patrocinador"},"content":{"rendered":"\t\t<div data-elementor-type=\"wp-page\" data-elementor-id=\"2274\" class=\"elementor elementor-2274\">\n\t\t\t\t\t\t\t\t\t<section class=\"elementor-section elementor-top-section elementor-element elementor-element-4981870 elementor-section-boxed elementor-section-height-default elementor-section-height-default\" data-id=\"4981870\" data-element_type=\"section\" data-settings=\"{&quot;background_background&quot;:&quot;classic&quot;}\">\n\t\t\t\t\t\t\t<div class=\"elementor-background-overlay\"><\/div>\n\t\t\t\t\t\t\t<div class=\"elementor-container elementor-column-gap-default\">\n\t\t\t\t\t<div class=\"elementor-column elementor-col-100 elementor-top-column elementor-element elementor-element-de03e9f\" data-id=\"de03e9f\" data-element_type=\"column\">\n\t\t\t<div class=\"elementor-widget-wrap elementor-element-populated\">\n\t\t\t\t\t\t\t\t<div class=\"elementor-element elementor-element-579d998 elementor-widget__width-initial elementor-widget elementor-widget-heading\" data-id=\"579d998\" data-element_type=\"widget\" data-widget_type=\"heading.default\">\n\t\t\t\t<div class=\"elementor-widget-container\">\n\t\t\t<h2 class=\"elementor-heading-title elementor-size-default\">Descubra<\/h2>\t\t<\/div>\n\t\t\t\t<\/div>\n\t\t\t\t<div class=\"elementor-element elementor-element-2612d75 elementor-widget elementor-widget-heading\" data-id=\"2612d75\" data-element_type=\"widget\" data-widget_type=\"heading.default\">\n\t\t\t\t<div class=\"elementor-widget-container\">\n\t\t\t<h1 class=\"elementor-heading-title elementor-size-default\">Como encontrar seu patrocinador<\/h1>\t\t<\/div>\n\t\t\t\t<\/div>\n\t\t\t\t\t<\/div>\n\t\t<\/div>\n\t\t\t\t\t\t\t<\/div>\n\t\t<\/section>\n\t\t\t\t<section class=\"elementor-section elementor-top-section elementor-element elementor-element-ddcf048 elementor-section-boxed elementor-section-height-default elementor-section-height-default\" data-id=\"ddcf048\" data-element_type=\"section\" data-settings=\"{&quot;background_background&quot;:&quot;classic&quot;}\">\n\t\t\t\t\t\t<div class=\"elementor-container elementor-column-gap-default\">\n\t\t\t\t\t<div class=\"elementor-column elementor-col-50 elementor-top-column elementor-element elementor-element-7b16c05\" data-id=\"7b16c05\" data-element_type=\"column\">\n\t\t\t<div class=\"elementor-widget-wrap elementor-element-populated\">\n\t\t\t\t\t\t\t\t<section class=\"elementor-section elementor-inner-section elementor-element elementor-element-7ba9fdb elementor-section-boxed elementor-section-height-default elementor-section-height-default\" data-id=\"7ba9fdb\" data-element_type=\"section\">\n\t\t\t\t\t\t<div class=\"elementor-container elementor-column-gap-default\">\n\t\t\t\t\t<div class=\"elementor-column elementor-col-100 elementor-inner-column elementor-element elementor-element-034f900\" data-id=\"034f900\" data-element_type=\"column\">\n\t\t\t<div class=\"elementor-widget-wrap elementor-element-populated\">\n\t\t\t\t\t\t\t\t<div class=\"elementor-element elementor-element-9ab957c elementor-widget elementor-widget-text-editor\" data-id=\"9ab957c\" data-element_type=\"widget\" data-widget_type=\"text-editor.default\">\n\t\t\t\t<div class=\"elementor-widget-container\">\n\t\t\t\t\t\t\t<p>O sistema da lei da cultura permite filtrar os patrocinadores por regi\u00f5es ou cidades.\u00a0<\/p><p><strong>A Lei de Incentivo ao Esporte<\/strong>, todo ano, divulga o nome dos patrocinadores\/doadores que aportaram recursos nos projetos.<\/p><p>A lei da cultura n\u00e3o compete com a lei do esporte, ou seja, a empresa pode patrocinar com 4% do imposto de renda devido, projetos culturais e 1% projetos esportivos.\u00a0<\/p><p>Diante dessas informa\u00e7\u00f5es \u00e9 poss\u00edvel pesquisar quais empresas patrocinaram projetos culturais na sua localidade. Fazemos o cruzamento de informa\u00e7\u00f5es entre esporte x cultura. Caso a empresa tenha patrocinado projetos na cultura e n\u00e3o patrocinou no esporte. Significa que essa empresa tem 1% do imposto de renda sobrando para colocar no esporte.<\/p>\t\t\t\t\t\t<\/div>\n\t\t\t\t<\/div>\n\t\t\t\t\t<\/div>\n\t\t<\/div>\n\t\t\t\t\t\t\t<\/div>\n\t\t<\/section>\n\t\t\t\t<div class=\"elementor-element elementor-element-6ce20de elementor-align-justify elementor-mobile-align-justify elementor-widget-mobile__width-inherit elementor-widget elementor-widget-button\" data-id=\"6ce20de\" data-element_type=\"widget\" data-widget_type=\"button.default\">\n\t\t\t\t<div class=\"elementor-widget-container\">\n\t\t\t\t\t<div class=\"elementor-button-wrapper\">\n\t\t\t<a class=\"elementor-button elementor-button-link elementor-size-sm\" href=\"https:\/\/arleideincentivoaoesporte.com.br\/clone2\/wp-content\/uploads\/2021\/03\/Lista-patrocinadores-esporte-2019.xls\">\n\t\t\t\t\t\t<span class=\"elementor-button-content-wrapper\">\n\t\t\t\t\t\t<span class=\"elementor-button-icon elementor-align-icon-right\">\n\t\t\t\t<i aria-hidden=\"true\" class=\"fas fa-list-ul\"><\/i>\t\t\t<\/span>\n\t\t\t\t\t\t<span class=\"elementor-button-text\">LISTA DE PATROCINADORES DO ESPORTE<\/span>\n\t\t<\/span>\n\t\t\t\t\t<\/a>\n\t\t<\/div>\n\t\t\t\t<\/div>\n\t\t\t\t<\/div>\n\t\t\t\t<div class=\"elementor-element elementor-element-59dc6b5 elementor-align-justify elementor-mobile-align-justify elementor-widget-mobile__width-inherit elementor-widget elementor-widget-button\" data-id=\"59dc6b5\" data-element_type=\"widget\" data-widget_type=\"button.default\">\n\t\t\t\t<div class=\"elementor-widget-container\">\n\t\t\t\t\t<div class=\"elementor-button-wrapper\">\n\t\t\t<a class=\"elementor-button elementor-button-link elementor-size-sm\" href=\"http:\/\/sistemas.cultura.gov.br\/salicnet\/Salicnet\/Salicnet.php\" target=\"_blank\">\n\t\t\t\t\t\t<span class=\"elementor-button-content-wrapper\">\n\t\t\t\t\t\t<span class=\"elementor-button-icon elementor-align-icon-right\">\n\t\t\t\t<i aria-hidden=\"true\" class=\"fas fa-list-ul\"><\/i>\t\t\t<\/span>\n\t\t\t\t\t\t<span class=\"elementor-button-text\">SISTEMA DA CULTURA<\/span>\n\t\t<\/span>\n\t\t\t\t\t<\/a>\n\t\t<\/div>\n\t\t\t\t<\/div>\n\t\t\t\t<\/div>\n\t\t\t\t\t<\/div>\n\t\t<\/div>\n\t\t\t\t<div class=\"elementor-column elementor-col-50 elementor-top-column elementor-element elementor-element-dc6b665\" data-id=\"dc6b665\" data-element_type=\"column\" data-settings=\"{&quot;background_background&quot;:&quot;classic&quot;}\">\n\t\t\t<div class=\"elementor-widget-wrap elementor-element-populated\">\n\t\t\t\t\t\t\t\t<div class=\"elementor-element elementor-element-561cedc elementor-widget elementor-widget-video\" data-id=\"561cedc\" data-element_type=\"widget\" data-settings=\"{&quot;youtube_url&quot;:&quot;https:\\\/\\\/www.youtube.com\\\/watch?v=BDK-tbh4iAk&quot;,&quot;video_type&quot;:&quot;youtube&quot;,&quot;controls&quot;:&quot;yes&quot;}\" data-widget_type=\"video.default\">\n\t\t\t\t<div class=\"elementor-widget-container\">\n\t\t\t\t\t<div class=\"elementor-wrapper elementor-open-inline\">\n\t\t\t<div class=\"elementor-video\"><\/div>\t\t<\/div>\n\t\t\t\t<\/div>\n\t\t\t\t<\/div>\n\t\t\t\t\t<\/div>\n\t\t<\/div>\n\t\t\t\t\t\t\t<\/div>\n\t\t<\/section>\n\t\t\t\t\t\t\t<\/div>\n\t\t","protected":false},"excerpt":{"rendered":"<p>Descubra Como encontrar seu patrocinador O sistema da lei da cultura permite filtrar os patrocinadores por regi\u00f5es ou cidades.\u00a0 A Lei de Incentivo ao Esporte, todo ano, divulga o nome dos patrocinadores\/doadores que aportaram recursos nos projetos. A lei da cultura n\u00e3o compete com a lei do esporte, ou seja, a empresa pode patrocinar com &hellip;<\/p>\n<p class=\"read-more\"> <a class=\"\" href=\"https:\/\/arleideincentivoaoesporte.com.br\/clone2\/descubra-seu-patrocinador\/\"> <span class=\"screen-reader-text\">Descubra Seu Patrocinador<\/span> Leia mais &raquo;<\/a><\/p>\n","protected":false},"author":3,"featured_media":0,"parent":0,"menu_order":0,"comment_status":"closed","ping_status":"closed","template":"","meta":{"site-sidebar-layout":"no-sidebar","site-content-layout":"page-builder","ast-site-content-layout":"","site-content-style":"default","site-sidebar-style":"default","ast-global-header-display":"","ast-banner-title-visibility":"","ast-main-header-display":"","ast-hfb-above-header-display":"","ast-hfb-below-header-display":"","ast-hfb-mobile-header-display":"","site-post-title":"disabled","ast-breadcrumbs-content":"","ast-featured-img":"disabled","footer-sml-layout":"","theme-transparent-header-meta":"default","adv-header-id-meta":"","stick-header-meta":"","header-above-stick-meta":"","header-main-stick-meta":"","header-below-stick-meta":"","astra-migrate-meta-layouts":"","footnotes":""},"_links":{"self":[{"href":"https:\/\/arleideincentivoaoesporte.com.br\/clone2\/wp-json\/wp\/v2\/pages\/2274"}],"collection":[{"href":"https:\/\/arleideincentivoaoesporte.com.br\/clone2\/wp-json\/wp\/v2\/pages"}],"about":[{"href":"https:\/\/arleideincentivoaoesporte.com.br\/clone2\/wp-json\/wp\/v2\/types\/page"}],"author":[{"embeddable":true,"href":"https:\/\/arleideincentivoaoesporte.com.br\/clone2\/wp-json\/wp\/v2\/users\/3"}],"replies":[{"embeddable":true,"href":"https:\/\/arleideincentivoaoesporte.com.br\/clone2\/wp-json\/wp\/v2\/comments?post=2274"}],"version-history":[{"count":20,"href":"https:\/\/arleideincentivoaoesporte.com.br\/clone2\/wp-json\/wp\/v2\/pages\/2274\/revisions"}],"predecessor-version":[{"id":3637,"href":"https:\/\/arleideincentivoaoesporte.com.br\/clone2\/wp-json\/wp\/v2\/pages\/2274\/revisions\/3637"}],"wp:attachment":[{"href":"https:\/\/arleideincentivoaoesporte.com.br\/clone2\/wp-json\/wp\/v2\/media?parent=2274"}],"curies":[{"name":"wp","href":"https:\/\/api.w.org\/{rel}","templated":true}]}}